{"id":41,"date":"2024-08-02T13:24:07","date_gmt":"2024-08-02T11:24:07","guid":{"rendered":"https:\/\/esia-avocats.fr\/?page_id=41"},"modified":"2025-08-12T17:24:37","modified_gmt":"2025-08-12T15:24:37","slug":"une-section-de-page-daccueil","status":"publish","type":"page","link":"https:\/\/esia-avocats.fr\/index.php\/une-section-de-page-daccueil\/","title":{"rendered":"Que signifie le mot ESIA ?"},"content":{"rendered":"\n<p>Attach\u00e9s \u00e0 notre implantation unique \u00e0 Compi\u00e8gne et \u00e0 Noyon, une r\u00e9f\u00e9rence \u00e0 la rivi\u00e8re liant ces deux villes, l\u2019Oise, historiquement d\u00e9sign\u00e9e sous les noms\u00a0<em>Isara<\/em>\u00a0ou\u00a0<em>Esia<\/em>, \u00e9tait une \u00e9vidence.<\/p>\n","protected":false},"excerpt":{"rendered":"<p>Attach\u00e9s \u00e0 notre implantation unique \u00e0 Compi\u00e8gne et \u00e0 Noyon, une r\u00e9f\u00e9rence \u00e0 la rivi\u00e8re liant ces deux villes, l\u2019Oise, historiquement d\u00e9sign\u00e9e sous les noms\u00a0Isara\u00a0ou\u00a0Esia, \u00e9tait une \u00e9vidence.<\/p>\n","protected":false},"author":1,"featured_media":461,"parent":0,"menu_order":0,"comment_status":"closed","ping_status":"closed","template":"","meta":{"footnotes":""},"class_list":["post-41","page","type-page","status-publish","has-post-thumbnail","hentry"],"_links":{"self":[{"href":"https:\/\/esia-avocats.fr\/index.php\/wp-json\/wp\/v2\/pages\/41","targetHints":{"allow":["GET"]}}],"collection":[{"href":"https:\/\/esia-avocats.fr\/index.php\/wp-json\/wp\/v2\/pages"}],"about":[{"href":"https:\/\/esia-avocats.fr\/index.php\/wp-json\/wp\/v2\/types\/page"}],"author":[{"embeddable":true,"href":"https:\/\/esia-avocats.fr\/index.php\/wp-json\/wp\/v2\/users\/1"}],"replies":[{"embeddable":true,"href":"https:\/\/esia-avocats.fr\/index.php\/wp-json\/wp\/v2\/comments?post=41"}],"version-history":[{"count":2,"href":"https:\/\/esia-avocats.fr\/index.php\/wp-json\/wp\/v2\/pages\/41\/revisions"}],"predecessor-version":[{"id":126,"href":"https:\/\/esia-avocats.fr\/index.php\/wp-json\/wp\/v2\/pages\/41\/revisions\/126"}],"wp:featuredmedia":[{"embeddable":true,"href":"https:\/\/esia-avocats.fr\/index.php\/wp-json\/wp\/v2\/media\/461"}],"wp:attachment":[{"href":"https:\/\/esia-avocats.fr\/index.php\/wp-json\/wp\/v2\/media?parent=41"}],"curies":[{"name":"wp","href":"https:\/\/api.w.org\/{rel}","templated":true}]}}