{"id":37,"date":"2024-08-02T13:24:07","date_gmt":"2024-08-02T11:24:07","guid":{"rendered":"https:\/\/esia-avocats.fr\/?page_id=37"},"modified":"2024-09-16T13:47:45","modified_gmt":"2024-09-16T11:47:45","slug":"accueil","status":"publish","type":"page","link":"https:\/\/esia-avocats.fr\/","title":{"rendered":"ESIA AVOCATS"},"content":{"rendered":"\n<p><strong> <\/strong>Situ\u00e9 \u00e0 Compi\u00e8gne et \u00e0 Noyon, le Cabinet ESIA AVOCATS vous conseille et assure la d\u00e9fense de vos int\u00e9r\u00eats.<\/p>\n\n\n\n<p><\/p>\n\n\n\n<p class=\"has-text-align-left\"><\/p>\n\n\n\n<p><\/p>\n\n\n\n<p><\/p>\n","protected":false},"excerpt":{"rendered":"<p>Situ\u00e9 \u00e0 Compi\u00e8gne et \u00e0 Noyon, le Cabinet ESIA AVOCATS vous conseille et assure la d\u00e9fense de vos int\u00e9r\u00eats.<\/p>\n","protected":false},"author":1,"featured_media":0,"parent":0,"menu_order":0,"comment_status":"closed","ping_status":"closed","template":"","meta":{"footnotes":""},"class_list":["post-37","page","type-page","status-publish","hentry"],"_links":{"self":[{"href":"https:\/\/esia-avocats.fr\/index.php\/wp-json\/wp\/v2\/pages\/37","targetHints":{"allow":["GET"]}}],"collection":[{"href":"https:\/\/esia-avocats.fr\/index.php\/wp-json\/wp\/v2\/pages"}],"about":[{"href":"https:\/\/esia-avocats.fr\/index.php\/wp-json\/wp\/v2\/types\/page"}],"author":[{"embeddable":true,"href":"https:\/\/esia-avocats.fr\/index.php\/wp-json\/wp\/v2\/users\/1"}],"replies":[{"embeddable":true,"href":"https:\/\/esia-avocats.fr\/index.php\/wp-json\/wp\/v2\/comments?post=37"}],"version-history":[{"count":6,"href":"https:\/\/esia-avocats.fr\/index.php\/wp-json\/wp\/v2\/pages\/37\/revisions"}],"predecessor-version":[{"id":354,"href":"https:\/\/esia-avocats.fr\/index.php\/wp-json\/wp\/v2\/pages\/37\/revisions\/354"}],"wp:attachment":[{"href":"https:\/\/esia-avocats.fr\/index.php\/wp-json\/wp\/v2\/media?parent=37"}],"curies":[{"name":"wp","href":"https:\/\/api.w.org\/{rel}","templated":true}]}}